{"id":58116,"date":"2020-07-26T12:20:01","date_gmt":"2020-07-26T10:20:01","guid":{"rendered":"https:\/\/D9C04EDC-1D56-420C-BEFC-B8F24BD42A36"},"modified":"2026-02-11T09:59:16","modified_gmt":"2026-02-11T08:59:16","slug":"chi-siamo","status":"publish","type":"page","link":"https:\/\/retetrans.arcigay.it\/en\/chi-siamo\/","title":{"rendered":"Who we are"},"content":{"rendered":"\t\t<div data-elementor-type=\"wp-page\" data-elementor-id=\"58116\" class=\"elementor elementor-58116\">\n\t\t\t\t\t\t<section class=\"elementor-section elementor-top-section elementor-element elementor-element-0e4b003 elementor-section-content-middle elementor-section-boxed elementor-section-height-default elementor-section-height-default\" data-id=\"0e4b003\" data-element_type=\"section\" data-e-type=\"section\">\n\t\t\t\t\t\t<div class=\"elementor-container elementor-column-gap-wide\">\n\t\t\t\t\t<div class=\"elementor-column elementor-col-50 elementor-top-column elementor-element elementor-element-56531c7\" data-id=\"56531c7\" data-element_type=\"column\" data-e-type=\"column\">\n\t\t\t<div class=\"elementor-widget-wrap elementor-element-populated\">\n\t\t\t\t\t\t<div class=\"elementor-element elementor-element-81a89f8 elementor-widget elementor-widget-image\" data-id=\"81a89f8\" data-element_type=\"widget\" data-e-type=\"widget\" data-widget_type=\"image.default\">\n\t\t\t\t<div class=\"elementor-widget-container\">\n\t\t\t\t\t\t\t\t\t\t\t\t\t\t\t<img decoding=\"async\" src=\"https:\/\/retetrans.arcigay.it\/wp-content\/uploads\/elementor\/thumbs\/Schermata-2019-11-22-alle-10.44.38-1200x581-2-om9sk83jjd73jlo370umenw1u702gfny7fu8ynuwwg.png\" title=\"Schermata-2019-11-22-alle-10.44.38-1200&#215;581\" alt=\"Schermata-2019-11-22-alle-10.44.38-1200x581\" loading=\"lazy\" \/>\t\t\t\t\t\t\t\t\t\t\t\t\t\t\t<\/div>\n\t\t\t\t<\/div>\n\t\t\t\t\t<\/div>\n\t\t<\/div>\n\t\t\t\t<div class=\"elementor-column elementor-col-50 elementor-top-column elementor-element elementor-element-e73d3ca\" data-id=\"e73d3ca\" data-element_type=\"column\" data-e-type=\"column\">\n\t\t\t<div class=\"elementor-widget-wrap elementor-element-populated\">\n\t\t\t\t\t\t<div class=\"elementor-element elementor-element-9953cbb elementor-widget elementor-widget-html\" data-id=\"9953cbb\" data-element_type=\"widget\" data-e-type=\"widget\" data-widget_type=\"html.default\">\n\t\t\t\t<div class=\"elementor-widget-container\">\n\t\t\t\t\t<p style=\"font-size: 18px\"><strong>La Rete Trans* Nazionale<\/strong> \u00e8 la comunit\u00e0 delle persone transgender, intersex e non binary che fanno attivismo in Arcigay.<\/p>\n<p style=\"font-size: 18px\">\u00c8 uno <strong>spazio dicondivisione<\/strong><\/strong> di molteplici vissuti identitari, <strong>luogo di confronto ed elaborazione politica<\/strong> di istanze, rivendicazioni e diritti della comunit\u00e0 trans*, nato per <strong>rafforzare il senso di orgoglio<\/strong> e di appartenenza alla comunit\u00e0. <\/p>\t\t\t\t<\/div>\n\t\t\t\t<\/div>\n\t\t\t\t\t<\/div>\n\t\t<\/div>\n\t\t\t\t\t<\/div>\n\t\t<\/section>\n\t\t\t\t<section class=\"elementor-section elementor-top-section elementor-element elementor-element-8f89e8d elementor-section-content-middle elementor-section-boxed elementor-section-height-default elementor-section-height-default\" data-id=\"8f89e8d\" data-element_type=\"section\" data-e-type=\"section\">\n\t\t\t\t\t\t<div class=\"elementor-container elementor-column-gap-wide\">\n\t\t\t\t\t<div class=\"elementor-column elementor-col-50 elementor-top-column elementor-element elementor-element-e89289f\" data-id=\"e89289f\" data-element_type=\"column\" data-e-type=\"column\">\n\t\t\t<div class=\"elementor-widget-wrap elementor-element-populated\">\n\t\t\t\t\t\t<div class=\"elementor-element elementor-element-7a34a57 elementor-widget elementor-widget-html\" data-id=\"7a34a57\" data-element_type=\"widget\" data-e-type=\"widget\" data-widget_type=\"html.default\">\n\t\t\t\t<div class=\"elementor-widget-container\">\n\t\t\t\t\t<p style=\"font-size: 18px\">Nella <strong>Rete Trans* Nazionale<\/strong> si pratica l'accoglienza di tutte le soggettivit\u00e0 e si favoriscono percorsi di autocoscienza trans e di autoformazione sui temi che riguardano le vite delle persone trans*, tramite la <strong>realizzazione di progetti, incontri di rete, la promozione di eventi culturali e l\u2019utilizzo di linguaggi e pratiche di genere inclusivi<\/strong> capaci di rappresentare tutte le soggettivit\u00e0\/identit\u00e0 contro qualsiasi forma di invisibilizzazione delle esperienze e vissuti trans*.<\/p>\r\n    <p style=\"font-size: 18px\">Offre servizi a supporto della comunit\u00e0, informazioni e mentoring riguardo i percorsi di affermazione di genere in Italia ed \u00e8 espressione e punto di riferimento dei comitati territoriali dell\u2019associazione, <strong>Arcigay Rete Trans* Nazionale<\/strong> intercetta in modo capillare i bisogni delle persone transgender, intersex e non binary sul territorio nazionale e mette in campo <strong>progettualit\u00e0 e azioni strategiche<\/strong> capaci di migliorare la qualit\u00e0 di vita delle persone.<\/p>\r\n<p style=\"font-size: 18px\">\r\n<strong>Arcigay Rete Trans* Nazionale<\/strong> rivendica il diritto all\u2019autodeterminazione dei corpi e delle libere soggettivit\u00e0 transgender in un\u2019ottica <strong>depatologizzante,<\/strong> ponendosi in relazione con le altre realt\u00e0 e soggetti di movimento in una <strong>prospettiva intersezionale<\/strong> atta a condurre una riflessione collettiva sull\u2019oppressione della cultura dominante del sistema etero-cis-patriarcale e per la messa in discussione del binarismo di genere, a favore di <strong>nuove prospettive e orizzonti di liberazione.<\/strong><\/p>\t\t\t\t<\/div>\n\t\t\t\t<\/div>\n\t\t\t\t\t<\/div>\n\t\t<\/div>\n\t\t\t\t<div class=\"elementor-column elementor-col-50 elementor-top-column elementor-element elementor-element-1b2c3ee\" data-id=\"1b2c3ee\" data-element_type=\"column\" data-e-type=\"column\">\n\t\t\t<div class=\"elementor-widget-wrap elementor-element-populated\">\n\t\t\t\t\t\t<div class=\"elementor-element elementor-element-6698d74 elementor-widget elementor-widget-image\" data-id=\"6698d74\" data-element_type=\"widget\" data-e-type=\"widget\" data-widget_type=\"image.default\">\n\t\t\t\t<div class=\"elementor-widget-container\">\n\t\t\t\t\t\t\t\t\t\t\t\t\t\t\t<img fetchpriority=\"high\" decoding=\"async\" width=\"460\" height=\"532\" src=\"https:\/\/retetrans.arcigay.it\/wp-content\/uploads\/2020\/07\/mappa-24.png\" class=\"attachment-large size-large wp-image-58321\" alt=\"\" srcset=\"https:\/\/retetrans.arcigay.it\/wp-content\/uploads\/2020\/07\/mappa-24.png 460w, https:\/\/retetrans.arcigay.it\/wp-content\/uploads\/2020\/07\/mappa-24-150x173.png 150w, https:\/\/retetrans.arcigay.it\/wp-content\/uploads\/2020\/07\/mappa-24-272x315.png 272w\" sizes=\"(max-width: 460px) 100vw, 460px\" \/>\t\t\t\t\t\t\t\t\t\t\t\t\t\t\t<\/div>\n\t\t\t\t<\/div>\n\t\t\t\t<div class=\"elementor-element elementor-element-a2ec415 elementor-widget elementor-widget-spacer\" data-id=\"a2ec415\" data-element_type=\"widget\" data-e-type=\"widget\" data-widget_type=\"spacer.default\">\n\t\t\t\t<div class=\"elementor-widget-container\">\n\t\t\t\t\t\t\t<div class=\"elementor-spacer\">\n\t\t\t<div class=\"elementor-spacer-inner\"><\/div>\n\t\t<\/div>\n\t\t\t\t\t\t<\/div>\n\t\t\t\t<\/div>\n\t\t\t\t<div class=\"elementor-element elementor-element-a8ba842 elementor-align-start elementor-icon-list--layout-traditional elementor-list-item-link-full_width elementor-widget elementor-widget-icon-list\" data-id=\"a8ba842\" data-element_type=\"widget\" data-e-type=\"widget\" data-widget_type=\"icon-list.default\">\n\t\t\t\t<div class=\"elementor-widget-container\">\n\t\t\t\t\t\t\t<ul class=\"elementor-icon-list-items\">\n\t\t\t\t\t\t\t<li class=\"elementor-icon-list-item\">\n\t\t\t\t\t\t\t\t\t\t\t<span class=\"elementor-icon-list-icon\">\n\t\t\t\t\t\t\t<i aria-hidden=\"true\" class=\"fas fa-circle\"><\/i>\t\t\t\t\t\t<\/span>\n\t\t\t\t\t\t\t\t\t\t<span class=\"elementor-icon-list-text\">Comitato Arcigay<\/span>\n\t\t\t\t\t\t\t\t\t<\/li>\n\t\t\t\t\t\t<\/ul>\n\t\t\t\t\t\t<\/div>\n\t\t\t\t<\/div>\n\t\t\t\t<div class=\"elementor-element elementor-element-3bed77e elementor-align-start elementor-icon-list--layout-traditional elementor-list-item-link-full_width elementor-widget elementor-widget-icon-list\" data-id=\"3bed77e\" data-element_type=\"widget\" data-e-type=\"widget\" data-widget_type=\"icon-list.default\">\n\t\t\t\t<div class=\"elementor-widget-container\">\n\t\t\t\t\t\t\t<ul class=\"elementor-icon-list-items\">\n\t\t\t\t\t\t\t<li class=\"elementor-icon-list-item\">\n\t\t\t\t\t\t\t\t\t\t\t<span class=\"elementor-icon-list-icon\">\n\t\t\t\t\t\t\t<i aria-hidden=\"true\" class=\"fas fa-circle\"><\/i>\t\t\t\t\t\t<\/span>\n\t\t\t\t\t\t\t\t\t\t<span class=\"elementor-icon-list-text\">Comitato Arcigay che ha aderito alla Rete Trans* Nazionale<\/span>\n\t\t\t\t\t\t\t\t\t<\/li>\n\t\t\t\t\t\t<\/ul>\n\t\t\t\t\t\t<\/div>\n\t\t\t\t<\/div>\n\t\t\t\t\t<\/div>\n\t\t<\/div>\n\t\t\t\t\t<\/div>\n\t\t<\/section>\n\t\t\t\t<section class=\"elementor-section elementor-top-section elementor-element elementor-element-ca9696c elementor-section-boxed elementor-section-height-default elementor-section-height-default\" data-id=\"ca9696c\" data-element_type=\"section\" data-e-type=\"section\">\n\t\t\t\t\t\t<div class=\"elementor-container elementor-column-gap-default\">\n\t\t\t\t\t<div class=\"elementor-column elementor-col-50 elementor-top-column elementor-element elementor-element-c6a47b0\" data-id=\"c6a47b0\" data-element_type=\"column\" data-e-type=\"column\">\n\t\t\t<div class=\"elementor-widget-wrap elementor-element-populated\">\n\t\t\t\t\t\t<div class=\"elementor-element elementor-element-10ab4e3 elementor-widget elementor-widget-spacer\" data-id=\"10ab4e3\" data-element_type=\"widget\" data-e-type=\"widget\" data-widget_type=\"spacer.default\">\n\t\t\t\t<div class=\"elementor-widget-container\">\n\t\t\t\t\t\t\t<div class=\"elementor-spacer\">\n\t\t\t<div class=\"elementor-spacer-inner\"><\/div>\n\t\t<\/div>\n\t\t\t\t\t\t<\/div>\n\t\t\t\t<\/div>\n\t\t\t\t<div class=\"elementor-element elementor-element-e4345e6 elementor-widget elementor-widget-heading\" data-id=\"e4345e6\" data-element_type=\"widget\" data-e-type=\"widget\" data-widget_type=\"heading.default\">\n\t\t\t\t<div class=\"elementor-widget-container\">\n\t\t\t\t\t<h1 class=\"elementor-heading-title elementor-size-default\">Comitati che hanno aderito<\/h1>\t\t\t\t<\/div>\n\t\t\t\t<\/div>\n\t\t\t\t\t<\/div>\n\t\t<\/div>\n\t\t\t\t<div class=\"elementor-column elementor-col-50 elementor-top-column elementor-element elementor-element-fb8326d\" data-id=\"fb8326d\" data-element_type=\"column\" data-e-type=\"column\">\n\t\t\t<div class=\"elementor-widget-wrap elementor-element-populated\">\n\t\t\t\t\t\t<div class=\"elementor-element elementor-element-cf86804 elementor-widget elementor-widget-button\" data-id=\"cf86804\" data-element_type=\"widget\" data-e-type=\"widget\" data-widget_type=\"button.default\">\n\t\t\t\t<div class=\"elementor-widget-container\">\n\t\t\t\t\t\t\t\t\t<div class=\"elementor-button-wrapper\">\n\t\t\t\t\t<a class=\"elementor-button elementor-button-link elementor-size-sm\" href=\"https:\/\/retetrans.arcigay.it\/contatti\/\">\n\t\t\t\t\t\t<span class=\"elementor-button-content-wrapper\">\n\t\t\t\t\t\t\t\t\t<span class=\"elementor-button-text\">[:it]Vuoi aderire alla Rete Trans*? Clicca qui![:en]Do you want to join the network? Click here![:]<\/span>\n\t\t\t\t\t<\/span>\n\t\t\t\t\t<\/a>\n\t\t\t\t<\/div>\n\t\t\t\t\t\t\t\t<\/div>\n\t\t\t\t<\/div>\n\t\t\t\t\t<\/div>\n\t\t<\/div>\n\t\t\t\t\t<\/div>\n\t\t<\/section>\n\t\t\t\t<section class=\"elementor-section elementor-top-section elementor-element elementor-element-fbe4ce2 elementor-section-boxed elementor-section-height-default elementor-section-height-default\" data-id=\"fbe4ce2\" data-element_type=\"section\" data-e-type=\"section\">\n\t\t\t\t\t\t<div class=\"elementor-container elementor-column-gap-default\">\n\t\t\t\t\t<div class=\"elementor-column elementor-col-100 elementor-top-column elementor-element elementor-element-4f9d51d\" data-id=\"4f9d51d\" data-element_type=\"column\" data-e-type=\"column\">\n\t\t\t<div class=\"elementor-widget-wrap elementor-element-populated\">\n\t\t\t\t\t\t<div class=\"elementor-element elementor-element-be9d8e9 elementor-widget-divider--view-line elementor-widget elementor-widget-divider\" data-id=\"be9d8e9\" data-element_type=\"widget\" data-e-type=\"widget\" data-widget_type=\"divider.default\">\n\t\t\t\t<div class=\"elementor-widget-container\">\n\t\t\t\t\t\t\t<div class=\"elementor-divider\">\n\t\t\t<span class=\"elementor-divider-separator\">\n\t\t\t\t\t\t<\/span>\n\t\t<\/div>\n\t\t\t\t\t\t<\/div>\n\t\t\t\t<\/div>\n\t\t\t\t<div class=\"elementor-element elementor-element-d246529 elementor-widget elementor-widget-heading\" data-id=\"d246529\" data-element_type=\"widget\" data-e-type=\"widget\" data-widget_type=\"heading.default\">\n\t\t\t\t<div class=\"elementor-widget-container\">\n\t\t\t\t\t<h3 class=\"elementor-heading-title elementor-size-default\"><a href=\"https:\/\/www.arcigay.it\/barletta\/\" target=\"_blank\"><b>BARLETTA \u2013 ANDRIA \u2013 TRANI<\/b> - Arcigay Bat \"Le Mine Vaganti\"<\/a><\/h3>\t\t\t\t<\/div>\n\t\t\t\t<\/div>\n\t\t\t\t<div class=\"elementor-element elementor-element-f0fcfd8 elementor-widget elementor-widget-heading\" data-id=\"f0fcfd8\" data-element_type=\"widget\" data-e-type=\"widget\" data-widget_type=\"heading.default\">\n\t\t\t\t<div class=\"elementor-widget-container\">\n\t\t\t\t\t<h3 class=\"elementor-heading-title elementor-size-default\"><a href=\"https:\/\/www.arcigay.it\/bergamo\/\" target=\"_blank\"><b>BERGAMO<\/b> - Arcigay Bergamo \"Cives\"<\/a><\/h3>\t\t\t\t<\/div>\n\t\t\t\t<\/div>\n\t\t\t\t<div class=\"elementor-element elementor-element-2687a0f elementor-widget elementor-widget-heading\" data-id=\"2687a0f\" data-element_type=\"widget\" data-e-type=\"widget\" data-widget_type=\"heading.default\">\n\t\t\t\t<div class=\"elementor-widget-container\">\n\t\t\t\t\t<h3 class=\"elementor-heading-title elementor-size-default\"><a href=\"https:\/\/www.arcigay.it\/bolzano\/\" target=\"_blank\"><b>BOLZANO<\/b> - Centaurus Arcigay dell'Alto Adige S\u00fcdtirol<\/a><\/h3>\t\t\t\t<\/div>\n\t\t\t\t<\/div>\n\t\t\t\t<div class=\"elementor-element elementor-element-5303296 elementor-widget elementor-widget-heading\" data-id=\"5303296\" data-element_type=\"widget\" data-e-type=\"widget\" data-widget_type=\"heading.default\">\n\t\t\t\t<div class=\"elementor-widget-container\">\n\t\t\t\t\t<h3 class=\"elementor-heading-title elementor-size-default\"><a href=\"https:\/\/www.arcigay.it\/brescia\/\" target=\"_blank\"><b>BRESCIA<\/b> - Arcigay Brescia \"Orlando\"<\/a><\/h3>\t\t\t\t<\/div>\n\t\t\t\t<\/div>\n\t\t\t\t<div class=\"elementor-element elementor-element-2f1e1a0 elementor-widget elementor-widget-heading\" data-id=\"2f1e1a0\" data-element_type=\"widget\" data-e-type=\"widget\" data-widget_type=\"heading.default\">\n\t\t\t\t<div class=\"elementor-widget-container\">\n\t\t\t\t\t<h3 class=\"elementor-heading-title elementor-size-default\"><a href=\"https:\/\/www.arcigay.it\/catania\/\" target=\"_blank\"><b>CATANIA<\/b> - Arcigay Catania \"Pegaso LGBT\"<\/a><\/h3>\t\t\t\t<\/div>\n\t\t\t\t<\/div>\n\t\t\t\t<div class=\"elementor-element elementor-element-bb0df45 elementor-widget elementor-widget-heading\" data-id=\"bb0df45\" data-element_type=\"widget\" data-e-type=\"widget\" data-widget_type=\"heading.default\">\n\t\t\t\t<div class=\"elementor-widget-container\">\n\t\t\t\t\t<h3 class=\"elementor-heading-title elementor-size-default\"><a href=\"https:\/\/www.arcigay.it\/cosenza\/\" target=\"_blank\"><b>COSENZA<\/b> - Arcigay EOS Cosenza<\/a><\/h3>\t\t\t\t<\/div>\n\t\t\t\t<\/div>\n\t\t\t\t<div class=\"elementor-element elementor-element-d54db8d elementor-widget elementor-widget-heading\" data-id=\"d54db8d\" data-element_type=\"widget\" data-e-type=\"widget\" data-widget_type=\"heading.default\">\n\t\t\t\t<div class=\"elementor-widget-container\">\n\t\t\t\t\t<h3 class=\"elementor-heading-title elementor-size-default\"><a href=\"https:\/\/www.arcigay.it\/cuneo\/\" target=\"_blank\"><b>CUNEO<\/b> - Arcigay \"Granda Queer\" Cuneo<\/a><\/h3>\t\t\t\t<\/div>\n\t\t\t\t<\/div>\n\t\t\t\t<div class=\"elementor-element elementor-element-0c1b53c elementor-widget elementor-widget-heading\" data-id=\"0c1b53c\" data-element_type=\"widget\" data-e-type=\"widget\" data-widget_type=\"heading.default\">\n\t\t\t\t<div class=\"elementor-widget-container\">\n\t\t\t\t\t<h3 class=\"elementor-heading-title elementor-size-default\"><a href=\"https:\/\/www.arcigay.it\/ferrara\/\" target=\"_blank\"><b>FERRARA<\/b> - Arcigay Ferrara APS<\/a><\/h3>\t\t\t\t<\/div>\n\t\t\t\t<\/div>\n\t\t\t\t<div class=\"elementor-element elementor-element-f32a5d2 elementor-widget elementor-widget-heading\" data-id=\"f32a5d2\" data-element_type=\"widget\" data-e-type=\"widget\" data-widget_type=\"heading.default\">\n\t\t\t\t<div class=\"elementor-widget-container\">\n\t\t\t\t\t<h3 class=\"elementor-heading-title elementor-size-default\"><a href=\"https:\/\/www.arcigay.it\/genova\/\" target=\"_blank\"><b>GENOVA<\/b> - Arcigay Genova - Approdo Lilia Mulas<\/a><\/h3>\t\t\t\t<\/div>\n\t\t\t\t<\/div>\n\t\t\t\t<div class=\"elementor-element elementor-element-30ec20b elementor-widget elementor-widget-heading\" data-id=\"30ec20b\" data-element_type=\"widget\" data-e-type=\"widget\" data-widget_type=\"heading.default\">\n\t\t\t\t<div class=\"elementor-widget-container\">\n\t\t\t\t\t<h3 class=\"elementor-heading-title elementor-size-default\"><a href=\"https:\/\/www.arcigay.it\/imperia\/\" target=\"_blank\"><b>IMPERIA<\/b> - M.I.A. Arcigay Imperia<\/a><\/h3>\t\t\t\t<\/div>\n\t\t\t\t<\/div>\n\t\t\t\t<div class=\"elementor-element elementor-element-55390a7 elementor-widget elementor-widget-heading\" data-id=\"55390a7\" data-element_type=\"widget\" data-e-type=\"widget\" data-widget_type=\"heading.default\">\n\t\t\t\t<div class=\"elementor-widget-container\">\n\t\t\t\t\t<h3 class=\"elementor-heading-title elementor-size-default\"><a href=\"https:\/\/www.arcigay.it\/mantova\/\" target=\"_blank\"><b>MANTOVA<\/b> - Arcigay \"La Salamandra\" Mantova<\/a><\/h3>\t\t\t\t<\/div>\n\t\t\t\t<\/div>\n\t\t\t\t<div class=\"elementor-element elementor-element-333e45c elementor-widget elementor-widget-heading\" data-id=\"333e45c\" data-element_type=\"widget\" data-e-type=\"widget\" data-widget_type=\"heading.default\">\n\t\t\t\t<div class=\"elementor-widget-container\">\n\t\t\t\t\t<h3 class=\"elementor-heading-title elementor-size-default\"><a href=\"https:\/\/www.arcigay.it\/modena\/\" target=\"_blank\"><b>MODENA<\/b> - Arcigay Modena \"Matthew Shepard\"<\/a><\/h3>\t\t\t\t<\/div>\n\t\t\t\t<\/div>\n\t\t\t\t<div class=\"elementor-element elementor-element-b0fff0c elementor-widget elementor-widget-heading\" data-id=\"b0fff0c\" data-element_type=\"widget\" data-e-type=\"widget\" data-widget_type=\"heading.default\">\n\t\t\t\t<div class=\"elementor-widget-container\">\n\t\t\t\t\t<h3 class=\"elementor-heading-title elementor-size-default\"><a href=\"https:\/\/www.arcigay.it\/molise\/\" target=\"_blank\"><b>MOLISE<\/b> - Arcigay Molise \"Lambda Identit\u00e0 Libere\"<\/a><\/h3>\t\t\t\t<\/div>\n\t\t\t\t<\/div>\n\t\t\t\t<div class=\"elementor-element elementor-element-e535ecc elementor-widget elementor-widget-heading\" data-id=\"e535ecc\" data-element_type=\"widget\" data-e-type=\"widget\" data-widget_type=\"heading.default\">\n\t\t\t\t<div class=\"elementor-widget-container\">\n\t\t\t\t\t<h3 class=\"elementor-heading-title elementor-size-default\"><a href=\"https:\/\/www.arcigay.it\/palermo\/\" target=\"_blank\"><b>PALERMO<\/b> - Arcigay Palermo<\/a><\/h3>\t\t\t\t<\/div>\n\t\t\t\t<\/div>\n\t\t\t\t<div class=\"elementor-element elementor-element-84c6a1e elementor-widget elementor-widget-heading\" data-id=\"84c6a1e\" data-element_type=\"widget\" data-e-type=\"widget\" data-widget_type=\"heading.default\">\n\t\t\t\t<div class=\"elementor-widget-container\">\n\t\t\t\t\t<h3 class=\"elementor-heading-title elementor-size-default\"><a href=\"https:\/\/www.arcigay.it\/pavia\/\" target=\"_blank\"><b>PAVIA<\/b> - Arcigay Pavia \"Coming-Aut - LGBTI+ Community Center\"<\/a><\/h3>\t\t\t\t<\/div>\n\t\t\t\t<\/div>\n\t\t\t\t<div class=\"elementor-element elementor-element-9117e69 elementor-widget elementor-widget-heading\" data-id=\"9117e69\" data-element_type=\"widget\" data-e-type=\"widget\" data-widget_type=\"heading.default\">\n\t\t\t\t<div class=\"elementor-widget-container\">\n\t\t\t\t\t<h3 class=\"elementor-heading-title elementor-size-default\"><a href=\"https:\/\/www.arcigay.it\/potenza\/\" target=\"_blank\"><b>POTENZA<\/b> - Arcigay Basilicata \"Marco Bisceglia\"<\/a><\/h3>\t\t\t\t<\/div>\n\t\t\t\t<\/div>\n\t\t\t\t<div class=\"elementor-element elementor-element-bc660e9 elementor-widget elementor-widget-heading\" data-id=\"bc660e9\" data-element_type=\"widget\" data-e-type=\"widget\" data-widget_type=\"heading.default\">\n\t\t\t\t<div class=\"elementor-widget-container\">\n\t\t\t\t\t<h3 class=\"elementor-heading-title elementor-size-default\"><a href=\"https:\/\/www.arcigay.it\/ravenna\/\" target=\"_blank\"><b>RAVENNA<\/b> - Arcigay Ravenna \"Dan Arevalos\"<\/a><\/h3>\t\t\t\t<\/div>\n\t\t\t\t<\/div>\n\t\t\t\t<div class=\"elementor-element elementor-element-cef47a7 elementor-widget elementor-widget-heading\" data-id=\"cef47a7\" data-element_type=\"widget\" data-e-type=\"widget\" data-widget_type=\"heading.default\">\n\t\t\t\t<div class=\"elementor-widget-container\">\n\t\t\t\t\t<h3 class=\"elementor-heading-title elementor-size-default\"><a href=\"https:\/\/www.arcigay.it\/reggio-emilia\/\" target=\"_blank\"><b>REGGIO EMILIA<\/b> - Arcigay \"Gioconda\" Reggio Emilia<\/a><\/h3>\t\t\t\t<\/div>\n\t\t\t\t<\/div>\n\t\t\t\t<div class=\"elementor-element elementor-element-dff16ea elementor-widget elementor-widget-heading\" data-id=\"dff16ea\" data-element_type=\"widget\" data-e-type=\"widget\" data-widget_type=\"heading.default\">\n\t\t\t\t<div class=\"elementor-widget-container\">\n\t\t\t\t\t<h3 class=\"elementor-heading-title elementor-size-default\"><a href=\"https:\/\/www.arcigay.it\/rimini\/\" target=\"_blank\"><b>RIMINI<\/b> - Arcigay Rimini \"Alan Turing\"<\/a><\/h3>\t\t\t\t<\/div>\n\t\t\t\t<\/div>\n\t\t\t\t<div class=\"elementor-element elementor-element-d35c10b elementor-widget elementor-widget-heading\" data-id=\"d35c10b\" data-element_type=\"widget\" data-e-type=\"widget\" data-widget_type=\"heading.default\">\n\t\t\t\t<div class=\"elementor-widget-container\">\n\t\t\t\t\t<h3 class=\"elementor-heading-title elementor-size-default\"><a href=\"https:\/\/www.arcigay.it\/strambopoli\/\" target=\"_blank\"><b>TARANTO<\/b> - \"Strambopoli\" - Associazione Aderente Arcigay<\/a><\/h3>\t\t\t\t<\/div>\n\t\t\t\t<\/div>\n\t\t\t\t<div class=\"elementor-element elementor-element-9df3614 elementor-widget elementor-widget-heading\" data-id=\"9df3614\" data-element_type=\"widget\" data-e-type=\"widget\" data-widget_type=\"heading.default\">\n\t\t\t\t<div class=\"elementor-widget-container\">\n\t\t\t\t\t<h3 class=\"elementor-heading-title elementor-size-default\"><a href=\"https:\/\/www.arcigay.it\/trieste\/\" target=\"_blank\"><b>TRIESTE<\/b> - Arcigay Arcobaleno Trieste Gorizia<\/a><\/h3>\t\t\t\t<\/div>\n\t\t\t\t<\/div>\n\t\t\t\t<div class=\"elementor-element elementor-element-d6e71dd elementor-widget elementor-widget-heading\" data-id=\"d6e71dd\" data-element_type=\"widget\" data-e-type=\"widget\" data-widget_type=\"heading.default\">\n\t\t\t\t<div class=\"elementor-widget-container\">\n\t\t\t\t\t<h3 class=\"elementor-heading-title elementor-size-default\"><a href=\"https:\/\/www.arcigay.it\/udine\/\" target=\"_blank\"><b>UDINE<\/b> - Arcigay Friuli \"Nuovi Passi\"<\/a><\/h3>\t\t\t\t<\/div>\n\t\t\t\t<\/div>\n\t\t\t\t<div class=\"elementor-element elementor-element-72b5dbe elementor-widget elementor-widget-heading\" data-id=\"72b5dbe\" data-element_type=\"widget\" data-e-type=\"widget\" data-widget_type=\"heading.default\">\n\t\t\t\t<div class=\"elementor-widget-container\">\n\t\t\t\t\t<h3 class=\"elementor-heading-title elementor-size-default\"><a href=\"https:\/\/www.arcigay.it\/varese\/\" target=\"_blank\"><b>VARESE<\/b> - Arcigay Varese<\/a><\/h3>\t\t\t\t<\/div>\n\t\t\t\t<\/div>\n\t\t\t\t\t<\/div>\n\t\t<\/div>\n\t\t\t\t\t<\/div>\n\t\t<\/section>\n\t\t\t\t<\/div>\n\t\t","protected":false},"excerpt":{"rendered":"<p>La Rete Trans* Nazionale \u00e8 la comunit\u00e0 delle persone transgender, intersex e non binary che fanno attivismo in Arcigay. \u00c8 uno spazio dicondivisione di molteplici vissuti identitari, luogo di confronto ed elaborazione politica di istanze, rivendicazioni e diritti della comunit\u00e0 trans*, nato per rafforzare il senso di orgoglio e di appartenenza alla comunit\u00e0. Nella Rete [&hellip;]<\/p>\n","protected":false},"author":112,"featured_media":0,"parent":0,"menu_order":0,"comment_status":"closed","ping_status":"closed","template":"modello-senza-sidebar.php","meta":{"_acf_changed":false,"footnotes":""},"class_list":["post-58116","page","type-page","status-publish","hentry"],"acf":[],"aioseo_notices":[],"_links":{"self":[{"href":"https:\/\/retetrans.arcigay.it\/en\/wp-json\/wp\/v2\/pages\/58116","targetHints":{"allow":["GET"]}}],"collection":[{"href":"https:\/\/retetrans.arcigay.it\/en\/wp-json\/wp\/v2\/pages"}],"about":[{"href":"https:\/\/retetrans.arcigay.it\/en\/wp-json\/wp\/v2\/types\/page"}],"author":[{"embeddable":true,"href":"https:\/\/retetrans.arcigay.it\/en\/wp-json\/wp\/v2\/users\/112"}],"replies":[{"embeddable":true,"href":"https:\/\/retetrans.arcigay.it\/en\/wp-json\/wp\/v2\/comments?post=58116"}],"version-history":[{"count":38,"href":"https:\/\/retetrans.arcigay.it\/en\/wp-json\/wp\/v2\/pages\/58116\/revisions"}],"predecessor-version":[{"id":58577,"href":"https:\/\/retetrans.arcigay.it\/en\/wp-json\/wp\/v2\/pages\/58116\/revisions\/58577"}],"wp:attachment":[{"href":"https:\/\/retetrans.arcigay.it\/en\/wp-json\/wp\/v2\/media?parent=58116"}],"curies":[{"name":"wp","href":"https:\/\/api.w.org\/{rel}","templated":true}]}}