{"id":58100,"date":"2020-07-26T12:14:30","date_gmt":"2020-07-26T10:14:30","guid":{"rendered":"https:\/\/5EEC093F-1F0B-4D26-87A4-0952C6934833"},"modified":"2023-10-10T19:19:46","modified_gmt":"2023-10-10T17:19:46","slug":"politica","status":"publish","type":"page","link":"https:\/\/retetrans.arcigay.it\/en\/cosa-facciamo\/politica\/","title":{"rendered":"Politics"},"content":{"rendered":"<div data-elementor-type=\"wp-page\" data-elementor-id=\"58100\" class=\"elementor elementor-58100\">\n\t\t\t\t\t\t<section class=\"elementor-section elementor-top-section elementor-element elementor-element-7baccb7 elementor-section-boxed elementor-section-height-default elementor-section-height-default\" data-id=\"7baccb7\" data-element_type=\"section\" data-e-type=\"section\">\n\t\t\t\t\t\t<div class=\"elementor-container elementor-column-gap-default\">\n\t\t\t\t\t<div class=\"elementor-column elementor-col-100 elementor-top-column elementor-element elementor-element-dbb2085\" data-id=\"dbb2085\" data-element_type=\"column\" data-e-type=\"column\">\n\t\t\t<div class=\"elementor-widget-wrap elementor-element-populated\">\n\t\t\t\t\t\t<div class=\"elementor-element elementor-element-4dc82f2 elementor-widget elementor-widget-html\" data-id=\"4dc82f2\" data-element_type=\"widget\" data-e-type=\"widget\" data-widget_type=\"html.default\">\n\t\t\t\t<div class=\"elementor-widget-container\">\n\t\t\t\t\t<p style=\"font-size: 18px\">We are committed to creating and supporting a more equal and inclusive society for all people, regardless of their gender identity or gender expression. We recognize the need to ensure that transgender and non-binary people have full access to fundamental human rights, including but not limited to: education, employment, healthcare, and protection from discrimination and violence. We are committed to promoting and supporting laws and policies that recognize and protect the dignity and rights of transgender and non-binary people. We will work with local communities, organizations, and individuals to educate, raise awareness, and combat discrimination and stigmatization of transgender and non-binary people. <br><br>\r\nOur association is deeply committed to promoting and defending the rights of transgender and non-binary people. We believe everyone deserves to be treated with respect and dignity, regardless of their gender identity. Through our political action, we strive to influence policies and laws to ensure greater equity and justice for the transgender and non-binary community. We work tirelessly to raise awareness of these issues in society and institutions, so that more inclusive and welcoming living conditions can be created for all. We are also committed to fighting for legislation that fully recognizes transgender and non-binary people, without pathologizing them. We believe that the law should reflect and respect the dignity and autonomy of every individual, without labeling or discriminating against anyone based on their gender identity. We will continue to work tirelessly to influence policies and laws to create a legal system that supports and protects everyone, regardless of their gender identity.\r\n<\/p>\r\n\r\n\r\n\t\t\t\t<\/div>\n\t\t\t\t<\/div>\n\t\t\t\t\t<\/div>\n\t\t<\/div>\n\t\t\t\t\t<\/div>\n\t\t<\/section>\n\t\t\t\t<\/div>","protected":false},"excerpt":{"rendered":"<p>Ci impegniamo a creare e sostenere una societ\u00e0 pi\u00f9 equa e inclusiva per tutte le persone, indipendentemente dalla loro identit\u00e0 di genere o espressione di genere. Riconosciamo la necessit\u00e0 di garantire che le persone transgender e non binary abbiano pieno accesso a diritti umani fondamentali, inclusi ma non limitati a: educazione, occupazione, assistenza sanitaria, protezione [&hellip;]<\/p>\n","protected":false},"author":112,"featured_media":0,"parent":58122,"menu_order":0,"comment_status":"closed","ping_status":"closed","template":"modello-senza-sidebar.php","meta":{"_acf_changed":false,"footnotes":""},"class_list":["post-58100","page","type-page","status-publish","hentry"],"acf":[],"aioseo_notices":[],"_links":{"self":[{"href":"https:\/\/retetrans.arcigay.it\/en\/wp-json\/wp\/v2\/pages\/58100","targetHints":{"allow":["GET"]}}],"collection":[{"href":"https:\/\/retetrans.arcigay.it\/en\/wp-json\/wp\/v2\/pages"}],"about":[{"href":"https:\/\/retetrans.arcigay.it\/en\/wp-json\/wp\/v2\/types\/page"}],"author":[{"embeddable":true,"href":"https:\/\/retetrans.arcigay.it\/en\/wp-json\/wp\/v2\/users\/112"}],"replies":[{"embeddable":true,"href":"https:\/\/retetrans.arcigay.it\/en\/wp-json\/wp\/v2\/comments?post=58100"}],"version-history":[{"count":7,"href":"https:\/\/retetrans.arcigay.it\/en\/wp-json\/wp\/v2\/pages\/58100\/revisions"}],"predecessor-version":[{"id":58530,"href":"https:\/\/retetrans.arcigay.it\/en\/wp-json\/wp\/v2\/pages\/58100\/revisions\/58530"}],"up":[{"embeddable":true,"href":"https:\/\/retetrans.arcigay.it\/en\/wp-json\/wp\/v2\/pages\/58122"}],"wp:attachment":[{"href":"https:\/\/retetrans.arcigay.it\/en\/wp-json\/wp\/v2\/media?parent=58100"}],"curies":[{"name":"wp","href":"https:\/\/api.w.org\/{rel}","templated":true}]}}